{"id":69,"date":"2024-10-28T17:24:34","date_gmt":"2024-10-28T16:24:34","guid":{"rendered":"https:\/\/giusilarosasposa.com\/?page_id=69"},"modified":"2025-02-07T18:21:47","modified_gmt":"2025-02-07T17:21:47","slug":"maison","status":"publish","type":"page","link":"https:\/\/giusilarosasposa.com\/en\/maison\/","title":{"rendered":"Maison"},"content":{"rendered":"<div data-elementor-type=\"wp-page\" data-elementor-id=\"69\" class=\"elementor elementor-69\" data-elementor-post-type=\"page\">\n\t\t\t\t<div class=\"elementor-element elementor-element-e52cfc6 e-con-full e-flex e-con e-parent\" data-id=\"e52cfc6\" data-element_type=\"container\" data-settings=\"{&quot;background_background&quot;:&quot;classic&quot;}\">\n\t\t<div class=\"elementor-element elementor-element-fbffe33 e-con-full e-flex e-con e-child\" data-id=\"fbffe33\" data-element_type=\"container\">\n\t\t\t\t<div class=\"elementor-element elementor-element-6d2d7ee elementor-widget elementor-widget-image\" data-id=\"6d2d7ee\" data-element_type=\"widget\" data-widget_type=\"image.default\">\n\t\t\t\t\t\t\t\t\t\t\t\t\t\t\t<img fetchpriority=\"high\" decoding=\"async\" width=\"1366\" height=\"2048\" src=\"https:\/\/giusilarosasposa.com\/wp-content\/uploads\/2025\/01\/Atelier-1-1366x2048.jpg\" class=\"attachment-2048x2048 size-2048x2048 wp-image-817\" alt=\"Atelier\" srcset=\"https:\/\/giusilarosasposa.com\/wp-content\/uploads\/2025\/01\/Atelier-1-1366x2048.jpg 1366w, https:\/\/giusilarosasposa.com\/wp-content\/uploads\/2025\/01\/Atelier-1-200x300.jpg 200w, https:\/\/giusilarosasposa.com\/wp-content\/uploads\/2025\/01\/Atelier-1-683x1024.jpg 683w, https:\/\/giusilarosasposa.com\/wp-content\/uploads\/2025\/01\/Atelier-1-768x1151.jpg 768w, https:\/\/giusilarosasposa.com\/wp-content\/uploads\/2025\/01\/Atelier-1-1025x1536.jpg 1025w, https:\/\/giusilarosasposa.com\/wp-content\/uploads\/2025\/01\/Atelier-1-scaled.jpg 1708w\" sizes=\"(max-width: 1366px) 100vw, 1366px\" \/>\t\t\t\t\t\t\t\t\t\t\t\t\t\t\t<\/div>\n\t\t\t\t<\/div>\n\t\t<div class=\"elementor-element elementor-element-c535aea e-con-full e-flex e-con e-child\" data-id=\"c535aea\" data-element_type=\"container\">\n\t\t\t\t<div class=\"elementor-element elementor-element-7aaa062 elementor-widget elementor-widget-heading\" data-id=\"7aaa062\" data-element_type=\"widget\" data-widget_type=\"heading.default\">\n\t\t\t\t\t<h2 class=\"elementor-heading-title elementor-size-default\">Maison<\/h2>\t\t\t\t<\/div>\n\t\t\t\t<\/div>\n\t\t\t\t<\/div>\n\t\t<div class=\"elementor-element elementor-element-ff38110 e-con-full animated-slow e-flex elementor-invisible e-con e-parent\" data-id=\"ff38110\" data-element_type=\"container\" data-settings=\"{&quot;animation&quot;:&quot;fadeIn&quot;,&quot;animation_delay&quot;:600}\">\n\t\t\t\t<div class=\"elementor-element elementor-element-44b99c4 elementor-widget elementor-widget-heading\" data-id=\"44b99c4\" data-element_type=\"widget\" data-widget_type=\"heading.default\">\n\t\t\t\t\t<h2 class=\"elementor-heading-title elementor-size-default\">Each creation is a promise of timeless beauty, designed with passion and dedication for your special day.<\/h2>\t\t\t\t<\/div>\n\t\t\t\t<\/div>\n\t\t<div class=\"elementor-element elementor-element-e06ee05 e-con-full e-flex e-con e-parent\" data-id=\"e06ee05\" data-element_type=\"container\">\n\t\t<div class=\"elementor-element elementor-element-a7ff0a4 e-con-full animated-slow e-flex elementor-invisible e-con e-child\" data-id=\"a7ff0a4\" data-element_type=\"container\" data-settings=\"{&quot;animation&quot;:&quot;fadeIn&quot;}\">\n\t\t\t\t<div class=\"elementor-element elementor-element-e801c15 elementor-widget__width-inherit elementor-widget elementor-widget-image\" data-id=\"e801c15\" data-element_type=\"widget\" data-widget_type=\"image.default\">\n\t\t\t\t\t\t\t\t\t\t\t\t\t\t\t<img decoding=\"async\" width=\"2560\" height=\"1708\" src=\"https:\/\/giusilarosasposa.com\/wp-content\/uploads\/2025\/01\/Giusi-scaled.jpg\" class=\"attachment-full size-full wp-image-810\" alt=\"Giusi la Rosa\" srcset=\"https:\/\/giusilarosasposa.com\/wp-content\/uploads\/2025\/01\/Giusi-scaled.jpg 2560w, https:\/\/giusilarosasposa.com\/wp-content\/uploads\/2025\/01\/Giusi-300x200.jpg 300w, https:\/\/giusilarosasposa.com\/wp-content\/uploads\/2025\/01\/Giusi-1024x683.jpg 1024w, https:\/\/giusilarosasposa.com\/wp-content\/uploads\/2025\/01\/Giusi-768x512.jpg 768w, https:\/\/giusilarosasposa.com\/wp-content\/uploads\/2025\/01\/Giusi-1536x1025.jpg 1536w, https:\/\/giusilarosasposa.com\/wp-content\/uploads\/2025\/01\/Giusi-2048x1366.jpg 2048w\" sizes=\"(max-width: 2560px) 100vw, 2560px\" \/>\t\t\t\t\t\t\t\t\t\t\t\t\t\t\t<\/div>\n\t\t\t\t<\/div>\n\t\t<div class=\"elementor-element elementor-element-c934290 e-con-full e-flex e-con e-child\" data-id=\"c934290\" data-element_type=\"container\">\n\t\t\t\t<div class=\"elementor-element elementor-element-36cc4e2 animated-slow elementor-invisible elementor-widget elementor-widget-heading\" data-id=\"36cc4e2\" data-element_type=\"widget\" data-settings=\"{&quot;_animation&quot;:&quot;fadeIn&quot;}\" data-widget_type=\"heading.default\">\n\t\t\t\t\t<h2 class=\"elementor-heading-title elementor-size-default\">Who is Giusi la Rosa<\/h2>\t\t\t\t<\/div>\n\t\t\t\t<div class=\"elementor-element elementor-element-8ddad6e elementor-invisible elementor-widget elementor-widget-text-editor\" data-id=\"8ddad6e\" data-element_type=\"widget\" data-settings=\"{&quot;_animation&quot;:&quot;fadeIn&quot;,&quot;_animation_delay&quot;:500}\" data-widget_type=\"text-editor.default\">\n\t\t\t\t\t\t\t\t\t<p class=\"translation-block\"><strong>Giusi La Rosa <\/strong> was born and raised in Acireale, a city that witnessed the born of her talent and <strong> passion for fashion <\/strong>. From a young age, thanks to her mother's teachings, she learned <strong> the art of sewing <\/strong>, spending hours creating garments and exploring the world of <strong> fabrics <\/strong>. Her love for fashion, particularly for wedding dresses, has always been a part of her: as a child, she collected bridal magazines, imagining and dreaming of designing unique dresses.\nAfter years of experience and collaborations, she refined her skills and developed her style. The desire to create something personal and authentic led her to open her own Maison, a place where she can freely express her creativity and bring to life her unique vision of the bride. Here, Giusi creates wedding dresses that reflect the beauty and individuality of every woman.<\/p>\t\t\t\t\t\t\t\t<\/div>\n\t\t\t\t<\/div>\n\t\t\t\t<\/div>\n\t\t<div class=\"elementor-element elementor-element-b1f6620 e-con-full e-flex e-con e-parent\" data-id=\"b1f6620\" data-element_type=\"container\" data-settings=\"{&quot;background_background&quot;:&quot;classic&quot;}\">\n\t\t<div class=\"elementor-element elementor-element-93c009e e-con-full e-flex e-con e-child\" data-id=\"93c009e\" data-element_type=\"container\">\n\t\t\t\t<div class=\"elementor-element elementor-element-8708534 elementor-widget-tablet__width-inherit elementor-widget elementor-widget-heading\" data-id=\"8708534\" data-element_type=\"widget\" data-widget_type=\"heading.default\">\n\t\t\t\t\t<h2 class=\"elementor-heading-title elementor-size-default translation-block\">Book your appointment <br> now<\/h2>\t\t\t\t<\/div>\n\t\t\t\t<\/div>\n\t\t<div class=\"elementor-element elementor-element-47827aa e-con-full e-flex e-con e-child\" data-id=\"47827aa\" data-element_type=\"container\">\n\t\t\t\t<div class=\"elementor-element elementor-element-5b4deb3 elementor-widget elementor-widget-button\" data-id=\"5b4deb3\" data-element_type=\"widget\" data-widget_type=\"button.default\">\n\t\t\t\t\t\t\t\t\t\t<a class=\"elementor-button elementor-button-link elementor-size-sm\" href=\"https:\/\/giusilarosasposa.com\/en\/contatti\/\">\n\t\t\t\t\t\t<span class=\"elementor-button-content-wrapper\">\n\t\t\t\t\t\t\t\t\t<span class=\"elementor-button-text\">Book<\/span>\n\t\t\t\t\t<\/span>\n\t\t\t\t\t<\/a>\n\t\t\t\t\t\t\t\t<\/div>\n\t\t\t\t<\/div>\n\t\t\t\t<\/div>\n\t\t<div class=\"elementor-element elementor-element-07d312c e-con-full e-flex e-con e-parent\" data-id=\"07d312c\" data-element_type=\"container\">\n\t\t<div class=\"elementor-element elementor-element-033dfa7 e-con-full e-flex e-con e-child\" data-id=\"033dfa7\" data-element_type=\"container\" data-settings=\"{&quot;background_background&quot;:&quot;classic&quot;}\">\n\t\t\t\t<\/div>\n\t\t<div class=\"elementor-element elementor-element-85d1ca5 e-con-full e-flex e-con e-child\" data-id=\"85d1ca5\" data-element_type=\"container\">\n\t\t\t\t<div class=\"elementor-element elementor-element-3a0c09c animated-slow elementor-invisible elementor-widget elementor-widget-heading\" data-id=\"3a0c09c\" data-element_type=\"widget\" data-settings=\"{&quot;_animation&quot;:&quot;fadeIn&quot;,&quot;_animation_delay&quot;:800}\" data-widget_type=\"heading.default\">\n\t\t\t\t\t<h2 class=\"elementor-heading-title elementor-size-default\">Our story<\/h2>\t\t\t\t<\/div>\n\t\t\t\t<div class=\"elementor-element elementor-element-79a42a3 animated-fast elementor-invisible elementor-widget elementor-widget-text-editor\" data-id=\"79a42a3\" data-element_type=\"widget\" data-settings=\"{&quot;_animation&quot;:&quot;fadeIn&quot;,&quot;_animation_delay&quot;:900}\" data-widget_type=\"text-editor.default\">\n\t\t\t\t\t\t\t\t\t<p class=\"translation-block\"><strong>Giusi La Rosa<\/strong>  represents the perfect blend of tradition and creativity, bringing to life unique dresses that tell stories of dreams and emotions. With a refined aesthetic and deep knowledge of fabrics, each creation is designed to fulfill brides' desires on their most important day.<\/p><p>The use of fine materials, such as Italian silks and French lace, makes each dress a true handcrafted work of art, capable of reflecting the personality and style of the wearer.<\/p><p class=\"translation-block\">Choosing a <strong>Giusi La Rosa<\/strong> dress means experiencing exclusivity, where tailoring excellence and attention to detail transform every fabric into pure emotion.<\/p>\t\t\t\t\t\t\t\t<\/div>\n\t\t\t\t<\/div>\n\t\t\t\t<\/div>\n\t\t<div class=\"elementor-element elementor-element-9a80389 e-con-full e-flex e-con e-parent\" data-id=\"9a80389\" data-element_type=\"container\" data-settings=\"{&quot;background_background&quot;:&quot;classic&quot;}\">\n\t\t<div class=\"elementor-element elementor-element-9e895e9 e-con-full e-flex e-con e-child\" data-id=\"9e895e9\" data-element_type=\"container\">\n\t\t\t\t<div class=\"elementor-element elementor-element-f203bfe elementor-widget elementor-widget-heading\" data-id=\"f203bfe\" data-element_type=\"widget\" data-widget_type=\"heading.default\">\n\t\t\t\t\t<h2 class=\"elementor-heading-title elementor-size-default\">Follow us to stay updated<\/h2>\t\t\t\t<\/div>\n\t\t\t\t<\/div>\n\t\t<div class=\"elementor-element elementor-element-4b4b8a4 e-con-full e-flex e-con e-child\" data-id=\"4b4b8a4\" data-element_type=\"container\">\n\t\t\t\t<div class=\"elementor-element elementor-element-794dcde elementor-shape-circle elementor-grid-0 e-grid-align-center elementor-widget elementor-widget-social-icons\" data-id=\"794dcde\" data-element_type=\"widget\" data-widget_type=\"social-icons.default\">\n\t\t\t\t\t\t\t<div class=\"elementor-social-icons-wrapper elementor-grid\" role=\"list\">\n\t\t\t\t\t\t\t<span class=\"elementor-grid-item\" role=\"listitem\">\n\t\t\t\t\t<a class=\"elementor-icon elementor-social-icon elementor-social-icon-facebook elementor-animation-float elementor-repeater-item-4d5ae53\" href=\"https:\/\/www.facebook.com\/profile.php?id=100064333200013&#038;locale=it_IT\" target=\"_blank\">\n\t\t\t\t\t\t<span class=\"elementor-screen-only\">Facebook<\/span>\n\t\t\t\t\t\t<svg aria-hidden=\"true\" class=\"e-font-icon-svg e-fab-facebook\" viewbox=\"0 0 512 512\" xmlns=\"http:\/\/www.w3.org\/2000\/svg\"><path d=\"M504 256C504 119 393 8 256 8S8 119 8 256c0 123.78 90.69 226.38 209.25 245V327.69h-63V256h63v-54.64c0-62.15 37-96.48 93.67-96.48 27.14 0 55.52 4.84 55.52 4.84v61h-31.28c-30.8 0-40.41 19.12-40.41 38.73V256h68.78l-11 71.69h-57.78V501C413.31 482.38 504 379.78 504 256z\"><\/path><\/svg>\t\t\t\t\t<\/a>\n\t\t\t\t<\/span>\n\t\t\t\t\t\t\t<span class=\"elementor-grid-item\" role=\"listitem\">\n\t\t\t\t\t<a class=\"elementor-icon elementor-social-icon elementor-social-icon-instagram elementor-animation-float elementor-repeater-item-a54bb0a\" href=\"https:\/\/www.instagram.com\/giusilarosa_sposa?igsh=OHVxMXFta3N4Z2Jz\" target=\"_blank\">\n\t\t\t\t\t\t<span class=\"elementor-screen-only\">Instagram<\/span>\n\t\t\t\t\t\t<svg aria-hidden=\"true\" class=\"e-font-icon-svg e-fab-instagram\" viewbox=\"0 0 448 512\" xmlns=\"http:\/\/www.w3.org\/2000\/svg\"><path d=\"M224.1 141c-63.6 0-114.9 51.3-114.9 114.9s51.3 114.9 114.9 114.9S339 319.5 339 255.9 287.7 141 224.1 141zm0 189.6c-41.1 0-74.7-33.5-74.7-74.7s33.5-74.7 74.7-74.7 74.7 33.5 74.7 74.7-33.6 74.7-74.7 74.7zm146.4-194.3c0 14.9-12 26.8-26.8 26.8-14.9 0-26.8-12-26.8-26.8s12-26.8 26.8-26.8 26.8 12 26.8 26.8zm76.1 27.2c-1.7-35.9-9.9-67.7-36.2-93.9-26.2-26.2-58-34.4-93.9-36.2-37-2.1-147.9-2.1-184.9 0-35.8 1.7-67.6 9.9-93.9 36.1s-34.4 58-36.2 93.9c-2.1 37-2.1 147.9 0 184.9 1.7 35.9 9.9 67.7 36.2 93.9s58 34.4 93.9 36.2c37 2.1 147.9 2.1 184.9 0 35.9-1.7 67.7-9.9 93.9-36.2 26.2-26.2 34.4-58 36.2-93.9 2.1-37 2.1-147.8 0-184.8zM398.8 388c-7.8 19.6-22.9 34.7-42.6 42.6-29.5 11.7-99.5 9-132.1 9s-102.7 2.6-132.1-9c-19.6-7.8-34.7-22.9-42.6-42.6-11.7-29.5-9-99.5-9-132.1s-2.6-102.7 9-132.1c7.8-19.6 22.9-34.7 42.6-42.6 29.5-11.7 99.5-9 132.1-9s102.7-2.6 132.1 9c19.6 7.8 34.7 22.9 42.6 42.6 11.7 29.5 9 99.5 9 132.1s2.7 102.7-9 132.1z\"><\/path><\/svg>\t\t\t\t\t<\/a>\n\t\t\t\t<\/span>\n\t\t\t\t\t<\/div>\n\t\t\t\t\t\t<\/div>\n\t\t\t\t<\/div>\n\t\t\t\t<\/div>\n\t\t\t\t<\/div>","protected":false},"excerpt":{"rendered":"<p>Maison Ogni creazione \u00e8 una promessa di bellezza senza tempo, disegnata con passione e dedizione per il tuo grande giorno Chi \u00e8 Giusi la Rosa Giusi La Rosa \u00e8 nata e cresciuta ad Acireale, una citt\u00e0 che ha visto nascere il suo talento e la sua passione per la moda. \u2028Fin da piccola, grazie agli [&hellip;]<\/p>","protected":false},"author":1,"featured_media":0,"parent":0,"menu_order":0,"comment_status":"closed","ping_status":"closed","template":"","meta":{"footnotes":""},"class_list":["post-69","page","type-page","status-publish","hentry"],"aioseo_notices":[],"_links":{"self":[{"href":"https:\/\/giusilarosasposa.com\/en\/wp-json\/wp\/v2\/pages\/69","targetHints":{"allow":["GET"]}}],"collection":[{"href":"https:\/\/giusilarosasposa.com\/en\/wp-json\/wp\/v2\/pages"}],"about":[{"href":"https:\/\/giusilarosasposa.com\/en\/wp-json\/wp\/v2\/types\/page"}],"author":[{"embeddable":true,"href":"https:\/\/giusilarosasposa.com\/en\/wp-json\/wp\/v2\/users\/1"}],"replies":[{"embeddable":true,"href":"https:\/\/giusilarosasposa.com\/en\/wp-json\/wp\/v2\/comments?post=69"}],"version-history":[{"count":83,"href":"https:\/\/giusilarosasposa.com\/en\/wp-json\/wp\/v2\/pages\/69\/revisions"}],"predecessor-version":[{"id":1183,"href":"https:\/\/giusilarosasposa.com\/en\/wp-json\/wp\/v2\/pages\/69\/revisions\/1183"}],"wp:attachment":[{"href":"https:\/\/giusilarosasposa.com\/en\/wp-json\/wp\/v2\/media?parent=69"}],"curies":[{"name":"wp","href":"https:\/\/api.w.org\/{rel}","templated":true}]}}